
{"id":1517,"date":"2013-08-15T11:43:57","date_gmt":"2013-08-15T11:43:57","guid":{"rendered":"http:\/\/www.sligoschoolproject.ie\/?page_id=1517"},"modified":"2025-08-07T07:25:42","modified_gmt":"2025-08-07T07:25:42","slug":"policies","status":"publish","type":"page","link":"https:\/\/www.sligoschoolproject.net\/?page_id=1517","title":{"rendered":"Policies"},"content":{"rendered":"<p>You can find here the:<\/p>\n<p><a href=\"https:\/\/www.sligoschoolproject.net\/wp-content\/uploads\/2025\/02\/2025-SSP-ADMISSION-POLICY.pdf\" target=\"_blank\">ADMISSIONS POLICY<\/a><\/p>\n<p><a href=\"http:\/\/www.sligoschoolproject.net\/wp-content\/uploads\/2024\/09\/2024-CODE-OF-BEHAVIOUR-SSP.pdf\" target=\"_blank\">CODE OF BEHAVIOUR<\/a><\/p>\n<p><a href=\"http:\/\/www.sligoschoolproject.net\/wp-content\/uploads\/2025\/07\/2025-SSP-B\u00ed-Cine\u00e1lta-Policy.pdf\" target=\"_blank\">B\u00ed CINE\u00c1LTA POLICY<\/a><\/p>\n<p><a href=\"http:\/\/www.sligoschoolproject.net\/wp-content\/uploads\/2025\/07\/2025-SSP-B\u00ed-Cine\u00e1lta-Notification-of-Annual-Review.pdf\" target=\"_blank\">Notification regarding the BoM&#8217;s annual review of the School&#8217;s B\u00ed Cine\u00e1lta Policy<\/a><\/p>\n<p><a href=\"http:\/\/www.sligoschoolproject.net\/wp-content\/uploads\/2025\/07\/SSP-2025-Child-Safeguarding-Statement.pdf\" target=\"_blank\">CHILD SAFEGUARDING STATEMENT<\/a><\/p>\n<p><a href=\"http:\/\/www.sligoschoolproject.net\/wp-content\/uploads\/2025\/07\/SSP-2025-Child-Safeguarding-Notification-Regarding-the-BOM-Review.pdf\" target=\"_blank\">Notification regarding the BoM&#8217;s review of the Child Safeguarding statement<\/a><\/p>\n<p><a href=\"http:\/\/www.sligoschoolproject.net\/wp-content\/uploads\/2021\/06\/HEALTH-AND-SAFETY-JUNE-2021.pdf\" target=\"_blank\">HEALTH AND SAFETY STATEMENT<\/a><\/p>\n<p>&nbsp;<\/p>\n","protected":false},"excerpt":{"rendered":"<p>You can find here the: ADMISSIONS POLICY CODE OF BEHAVIOUR B\u00ed CINE\u00c1LTA POLICY Notification regarding the BoM&#8217;s annual review of the School&#8217;s B\u00ed Cine\u00e1lta Policy CHILD SAFEGUARDING STATEMENT Notification regarding the BoM&#8217;s review of the Child Safeguarding statement HEALTH AND &hellip; <a href=\"https:\/\/www.sligoschoolproject.net\/?page_id=1517\">Continue reading <span class=\"meta-nav\">&rarr;<\/span><\/a><\/p>\n","protected":false},"author":6,"featured_media":0,"parent":11,"menu_order":3,"comment_status":"closed","ping_status":"closed","template":"","meta":{"footnotes":""},"class_list":["post-1517","page","type-page","status-publish","hentry"],"_links":{"self":[{"href":"https:\/\/www.sligoschoolproject.net\/index.php?rest_route=\/wp\/v2\/pages\/1517","targetHints":{"allow":["GET"]}}],"collection":[{"href":"https:\/\/www.sligoschoolproject.net\/index.php?rest_route=\/wp\/v2\/pages"}],"about":[{"href":"https:\/\/www.sligoschoolproject.net\/index.php?rest_route=\/wp\/v2\/types\/page"}],"author":[{"embeddable":true,"href":"https:\/\/www.sligoschoolproject.net\/index.php?rest_route=\/wp\/v2\/users\/6"}],"replies":[{"embeddable":true,"href":"https:\/\/www.sligoschoolproject.net\/index.php?rest_route=%2Fwp%2Fv2%2Fcomments&post=1517"}],"version-history":[{"count":53,"href":"https:\/\/www.sligoschoolproject.net\/index.php?rest_route=\/wp\/v2\/pages\/1517\/revisions"}],"predecessor-version":[{"id":3566,"href":"https:\/\/www.sligoschoolproject.net\/index.php?rest_route=\/wp\/v2\/pages\/1517\/revisions\/3566"}],"up":[{"embeddable":true,"href":"https:\/\/www.sligoschoolproject.net\/index.php?rest_route=\/wp\/v2\/pages\/11"}],"wp:attachment":[{"href":"https:\/\/www.sligoschoolproject.net\/index.php?rest_route=%2Fwp%2Fv2%2Fmedia&parent=1517"}],"curies":[{"name":"wp","href":"https:\/\/api.w.org\/{rel}","templated":true}]}}